{"id":2624,"date":"2023-05-11T07:41:30","date_gmt":"2023-05-11T06:41:30","guid":{"rendered":"https:\/\/skromanija.com\/?page_id=2624"},"modified":"2023-05-11T08:47:02","modified_gmt":"2023-05-11T07:47:02","slug":"centar-za-nordijsko-skijanje-dvorista","status":"publish","type":"page","link":"https:\/\/skromanija.com\/en\/centar-za-nordijsko-skijanje-dvorista\/","title":{"rendered":"Centar za nordijsko skijanje Dvori\u0161ta"},"content":{"rendered":"<div class=\"wpb-content-wrapper\"><p>[vc_row][vc_column width=&#8221;1\/2&#8243;][vc_column_text]Nordijski skija\u0161ki centar &#8220;Dvori\u0161ta&#8221; se nalazi u podno\u017eju olimpijske planine Jahorine, na nadmorskoj visini od 1.350 metara i udaljen je 14 kilometara od Pala, te predstavlja idealnu destinaciju za sve ljubitelje nordijskog skijanja. Ovaj centar je dom Nordijskom smu\u010darskom klubu &#8220;Romanija&#8221;, koji okuplja brojne skija\u0161e i skija\u0161ice ovog podru\u010dja.<\/p>\n<p>Nordijski centar &#8220;Dvori\u0161ta&#8221; je doma\u0107in brojnih regionalnih i nacionalnih takmi\u010denja. Ovdje je odr\u017eano 51. Svjetsko vojno prvenstvo, Evropski omladinski olimpijski festival (EYOF), brojna balkanska i dr\u017eavna prvenstva u biatlonu i skija\u0161kom tr\u010danju.[\/vc_column_text][\/vc_column][vc_column width=&#8221;1\/2&#8243;][vc_raw_html]JTNDaWZyYW1lJTIwc3JjJTNEJTIyaHR0cHMlM0ElMkYlMkZ3d3cuZ29vZ2xlLmNvbSUyRm1hcHMlMkZlbWJlZCUzRnBiJTNEJTIxMW0xOCUyMTFtMTIlMjExbTMlMjExZDIzMDUxLjYzNjc0NzcxNjE3NyUyMTJkMTguNTM5MjkyNTY4OTIwNDEzJTIxM2Q0My43NjM0MjE1MTE3Mjc0ODYlMjEybTMlMjExZjAlMjEyZjAlMjEzZjAlMjEzbTIlMjExaTEwMjQlMjEyaTc2OCUyMTRmMTMuMSUyMTNtMyUyMTFtMiUyMTFzMHg0NzU4YmY0NzViYmIzOTkzJTI1M0EweDFjZmJjOTAyZjY1M2NlYWIlMjEyc0NlbnRhciUyNTIwemElMjUyMG5vcmRpanNrbyUyNTIwc2tpamFuamUlMjUyMER2b3JpJTI1QzUlMjVBMXRhJTIxNWUwJTIxM20yJTIxMXNicyUyMTJzYmElMjE0djE2ODM3ODc2OTg5MzUlMjE1bTIlMjExc2JzJTIxMnNiYSUyMiUyMHdpZHRoJTNEJTIyNjAwJTIyJTIwaGVpZ2h0JTNEJTIyNDUwJTIyJTIwc3R5bGUlM0QlMjJib3JkZXIlM0EwJTNCJTIyJTIwYWxsb3dmdWxsc2NyZWVuJTNEJTIyJTIyJTIwbG9hZGluZyUzRCUyMmxhenklMjIlMjByZWZlcnJlcnBvbGljeSUzRCUyMm5vLXJlZmVycmVyLXdoZW4tZG93bmdyYWRlJTIyJTNFJTNDJTJGaWZyYW1lJTNF[\/vc_raw_html][\/vc_column][\/vc_row][vc_row full_width=&#8221;stretch_row&#8221; css=&#8221;.vc_custom_1683791167983{padding-top: 40px !important;padding-bottom: 40px !important;background-color: #2d4ea2 !important;}&#8221;][vc_column][vc_media_grid style=&#8221;load-more&#8221; items_per_page=&#8221;12&#8243; element_width=&#8221;2&#8243; btn_title=&#8221;U\u010ditaj vi\u0161e&#8221; btn_style=&#8221;modern&#8221; btn_color=&#8221;default&#8221; btn_size=&#8221;xs&#8221; grid_id=&#8221;vc_gid:1683791175158-2f311c53-25cf-10&#8243; include=&#8221;2635,2636,2512,2515,2508,2506,2501,2509,2507,2497,2521,2502&#8243; css=&#8221;.vc_custom_1683791133382{padding-top: 50px !important;}&#8221;][\/vc_column][\/vc_row][vc_row css=&#8221;.vc_custom_1683791221012{padding-top: 80px !important;}&#8221;][vc_column][vc_video link=&#8221;https:\/\/www.youtube.com\/watch?v=Mlf0jHTQ1l0&#8243;][\/vc_column][\/vc_row]<\/p>\n<\/div>","protected":false},"excerpt":{"rendered":"<p>[vc_row][vc_column width=&#8221;1\/2&#8243;][vc_column_text]Nordijski skija\u0161ki centar &#8220;Dvori\u0161ta&#8221; se nalazi u podno\u017eju olimpijske planine Jahorine, na nadmorskoj visini od 1.350 metara i udaljen je 14 kilometara od Pala, te predstavlja idealnu destinaciju za&#8230;<\/p>\n","protected":false},"author":1,"featured_media":0,"parent":0,"menu_order":0,"comment_status":"closed","ping_status":"closed","template":"","meta":{"footnotes":""},"class_list":["post-2624","page","type-page","status-publish","hentry"],"yoast_head":"<!-- This site is optimized with the Yoast SEO plugin v27.5 - https:\/\/yoast.com\/product\/yoast-seo-wordpress\/ -->\n<title>Centar za nordijsko skijanje Dvori\u0161ta - Nordijski smu\u010darski klub Romanija Pale<\/title>\n<meta name=\"robots\" content=\"index, follow, max-snippet:-1, max-image-preview:large, max-video-preview:-1\" \/>\n<link rel=\"canonical\" href=\"https:\/\/skromanija.com\/en\/centar-za-nordijsko-skijanje-dvorista\/\" \/>\n<meta property=\"og:locale\" content=\"en_US\" \/>\n<meta property=\"og:type\" content=\"article\" \/>\n<meta property=\"og:title\" content=\"Centar za nordijsko skijanje Dvori\u0161ta - Nordijski smu\u010darski klub Romanija Pale\" \/>\n<meta property=\"og:description\" content=\"[vc_row][vc_column width=&#8221;1\/2&#8243;][vc_column_text]Nordijski skija\u0161ki centar &#8220;Dvori\u0161ta&#8221; se nalazi u podno\u017eju olimpijske planine Jahorine, na nadmorskoj visini od 1.350 metara i udaljen je 14 kilometara od Pala, te predstavlja idealnu destinaciju za...\" \/>\n<meta property=\"og:url\" content=\"https:\/\/skromanija.com\/en\/centar-za-nordijsko-skijanje-dvorista\/\" \/>\n<meta property=\"og:site_name\" content=\"Nordijski smu\u010darski klub Romanija Pale\" \/>\n<meta property=\"article:modified_time\" content=\"2023-05-11T07:47:02+00:00\" \/>\n<meta name=\"twitter:card\" content=\"summary_large_image\" \/>\n<meta name=\"twitter:label1\" content=\"Est. reading time\" \/>\n\t<meta name=\"twitter:data1\" content=\"1 minute\" \/>\n<script type=\"application\/ld+json\" class=\"yoast-schema-graph\">{\"@context\":\"https:\\\/\\\/schema.org\",\"@graph\":[{\"@type\":\"WebPage\",\"@id\":\"https:\\\/\\\/skromanija.com\\\/en\\\/centar-za-nordijsko-skijanje-dvorista\\\/\",\"url\":\"https:\\\/\\\/skromanija.com\\\/en\\\/centar-za-nordijsko-skijanje-dvorista\\\/\",\"name\":\"Centar za nordijsko skijanje Dvori\u0161ta - Nordijski smu\u010darski klub Romanija Pale\",\"isPartOf\":{\"@id\":\"https:\\\/\\\/skromanija.com\\\/en\\\/#website\"},\"datePublished\":\"2023-05-11T06:41:30+00:00\",\"dateModified\":\"2023-05-11T07:47:02+00:00\",\"breadcrumb\":{\"@id\":\"https:\\\/\\\/skromanija.com\\\/en\\\/centar-za-nordijsko-skijanje-dvorista\\\/#breadcrumb\"},\"inLanguage\":\"en-US\",\"potentialAction\":[{\"@type\":\"ReadAction\",\"target\":[[\"https:\\\/\\\/skromanija.com\\\/en\\\/centar-za-nordijsko-skijanje-dvorista\\\/\"]]}]},{\"@type\":\"BreadcrumbList\",\"@id\":\"https:\\\/\\\/skromanija.com\\\/en\\\/centar-za-nordijsko-skijanje-dvorista\\\/#breadcrumb\",\"itemListElement\":[{\"@type\":\"ListItem\",\"position\":1,\"name\":\"Home\",\"item\":\"https:\\\/\\\/skromanija.com\\\/en\\\/\"},{\"@type\":\"ListItem\",\"position\":2,\"name\":\"Centar za nordijsko skijanje Dvori\u0161ta\"}]},{\"@type\":\"WebSite\",\"@id\":\"https:\\\/\\\/skromanija.com\\\/en\\\/#website\",\"url\":\"https:\\\/\\\/skromanija.com\\\/en\\\/\",\"name\":\"Nordijski smu\u010darski klub Romanija Pale\",\"description\":\"Nordic ski team\",\"publisher\":{\"@id\":\"https:\\\/\\\/skromanija.com\\\/en\\\/#organization\"},\"potentialAction\":[{\"@type\":\"SearchAction\",\"target\":{\"@type\":\"EntryPoint\",\"urlTemplate\":\"https:\\\/\\\/skromanija.com\\\/en\\\/?s={search_term_string}\"},\"query-input\":{\"@type\":\"PropertyValueSpecification\",\"valueRequired\":true,\"valueName\":\"search_term_string\"}}],\"inLanguage\":\"en-US\"},{\"@type\":\"Organization\",\"@id\":\"https:\\\/\\\/skromanija.com\\\/en\\\/#organization\",\"name\":\"Nordijski smu\u010darski klub Romanija Pale\",\"url\":\"https:\\\/\\\/skromanija.com\\\/en\\\/\",\"logo\":{\"@type\":\"ImageObject\",\"inLanguage\":\"en-US\",\"@id\":\"https:\\\/\\\/skromanija.com\\\/en\\\/#\\\/schema\\\/logo\\\/image\\\/\",\"url\":\"https:\\\/\\\/skromanija.com\\\/wp-content\\\/uploads\\\/2023\\\/05\\\/sklogo.png\",\"contentUrl\":\"https:\\\/\\\/skromanija.com\\\/wp-content\\\/uploads\\\/2023\\\/05\\\/sklogo.png\",\"width\":558,\"height\":508,\"caption\":\"Nordijski smu\u010darski klub Romanija Pale\"},\"image\":{\"@id\":\"https:\\\/\\\/skromanija.com\\\/en\\\/#\\\/schema\\\/logo\\\/image\\\/\"}}]}<\/script>\n<!-- \/ Yoast SEO plugin. -->","yoast_head_json":{"title":"Centar za nordijsko skijanje Dvori\u0161ta - Nordijski smu\u010darski klub Romanija Pale","robots":{"index":"index","follow":"follow","max-snippet":"max-snippet:-1","max-image-preview":"max-image-preview:large","max-video-preview":"max-video-preview:-1"},"canonical":"https:\/\/skromanija.com\/en\/centar-za-nordijsko-skijanje-dvorista\/","og_locale":"en_US","og_type":"article","og_title":"Centar za nordijsko skijanje Dvori\u0161ta - Nordijski smu\u010darski klub Romanija Pale","og_description":"[vc_row][vc_column width=&#8221;1\/2&#8243;][vc_column_text]Nordijski skija\u0161ki centar &#8220;Dvori\u0161ta&#8221; se nalazi u podno\u017eju olimpijske planine Jahorine, na nadmorskoj visini od 1.350 metara i udaljen je 14 kilometara od Pala, te predstavlja idealnu destinaciju za...","og_url":"https:\/\/skromanija.com\/en\/centar-za-nordijsko-skijanje-dvorista\/","og_site_name":"Nordijski smu\u010darski klub Romanija Pale","article_modified_time":"2023-05-11T07:47:02+00:00","twitter_card":"summary_large_image","twitter_misc":{"Est. reading time":"1 minute"},"schema":{"@context":"https:\/\/schema.org","@graph":[{"@type":"WebPage","@id":"https:\/\/skromanija.com\/en\/centar-za-nordijsko-skijanje-dvorista\/","url":"https:\/\/skromanija.com\/en\/centar-za-nordijsko-skijanje-dvorista\/","name":"Centar za nordijsko skijanje Dvori\u0161ta - Nordijski smu\u010darski klub Romanija Pale","isPartOf":{"@id":"https:\/\/skromanija.com\/en\/#website"},"datePublished":"2023-05-11T06:41:30+00:00","dateModified":"2023-05-11T07:47:02+00:00","breadcrumb":{"@id":"https:\/\/skromanija.com\/en\/centar-za-nordijsko-skijanje-dvorista\/#breadcrumb"},"inLanguage":"en-US","potentialAction":[{"@type":"ReadAction","target":[["https:\/\/skromanija.com\/en\/centar-za-nordijsko-skijanje-dvorista\/"]]}]},{"@type":"BreadcrumbList","@id":"https:\/\/skromanija.com\/en\/centar-za-nordijsko-skijanje-dvorista\/#breadcrumb","itemListElement":[{"@type":"ListItem","position":1,"name":"Home","item":"https:\/\/skromanija.com\/en\/"},{"@type":"ListItem","position":2,"name":"Centar za nordijsko skijanje Dvori\u0161ta"}]},{"@type":"WebSite","@id":"https:\/\/skromanija.com\/en\/#website","url":"https:\/\/skromanija.com\/en\/","name":"Nordijski smu\u010darski klub Romanija Pale","description":"Nordic ski team","publisher":{"@id":"https:\/\/skromanija.com\/en\/#organization"},"potentialAction":[{"@type":"SearchAction","target":{"@type":"EntryPoint","urlTemplate":"https:\/\/skromanija.com\/en\/?s={search_term_string}"},"query-input":{"@type":"PropertyValueSpecification","valueRequired":true,"valueName":"search_term_string"}}],"inLanguage":"en-US"},{"@type":"Organization","@id":"https:\/\/skromanija.com\/en\/#organization","name":"Nordijski smu\u010darski klub Romanija Pale","url":"https:\/\/skromanija.com\/en\/","logo":{"@type":"ImageObject","inLanguage":"en-US","@id":"https:\/\/skromanija.com\/en\/#\/schema\/logo\/image\/","url":"https:\/\/skromanija.com\/wp-content\/uploads\/2023\/05\/sklogo.png","contentUrl":"https:\/\/skromanija.com\/wp-content\/uploads\/2023\/05\/sklogo.png","width":558,"height":508,"caption":"Nordijski smu\u010darski klub Romanija Pale"},"image":{"@id":"https:\/\/skromanija.com\/en\/#\/schema\/logo\/image\/"}}]}},"_links":{"self":[{"href":"https:\/\/skromanija.com\/en\/wp-json\/wp\/v2\/pages\/2624","targetHints":{"allow":["GET"]}}],"collection":[{"href":"https:\/\/skromanija.com\/en\/wp-json\/wp\/v2\/pages"}],"about":[{"href":"https:\/\/skromanija.com\/en\/wp-json\/wp\/v2\/types\/page"}],"author":[{"embeddable":true,"href":"https:\/\/skromanija.com\/en\/wp-json\/wp\/v2\/users\/1"}],"replies":[{"embeddable":true,"href":"https:\/\/skromanija.com\/en\/wp-json\/wp\/v2\/comments?post=2624"}],"version-history":[{"count":11,"href":"https:\/\/skromanija.com\/en\/wp-json\/wp\/v2\/pages\/2624\/revisions"}],"predecessor-version":[{"id":2645,"href":"https:\/\/skromanija.com\/en\/wp-json\/wp\/v2\/pages\/2624\/revisions\/2645"}],"wp:attachment":[{"href":"https:\/\/skromanija.com\/en\/wp-json\/wp\/v2\/media?parent=2624"}],"curies":[{"name":"wp","href":"https:\/\/api.w.org\/{rel}","templated":true}]}}