{"id":612,"date":"2016-05-05T10:36:13","date_gmt":"2016-05-05T10:36:13","guid":{"rendered":"https:\/\/splash.stylemixthemes.com\/demo\/?page_id=612"},"modified":"2024-01-12T13:21:28","modified_gmt":"2024-01-12T12:21:28","slug":"nordijski-smucarski-klub-romanija","status":"publish","type":"page","link":"https:\/\/skromanija.com\/sr\/nordijski-smucarski-klub-romanija\/","title":{"rendered":"Nordijski smu\u010darski klub &#8211; Romanija"},"content":{"rendered":"<div class=\"wpb-content-wrapper\"><p>[vc_row full_width=&#8220;stretch_row&#8220; css=&#8220;.vc_custom_1564728688256{background-color: #ffffff !important;}&#8220;][vc_column width=&#8220;1\/2&#8243; css=&#8220;.vc_custom_1462531430496{padding-top: 0px !important;}&#8220;][vc_column_text css=&#8220;.vc_custom_1684856344551{margin-bottom: 25px !important;}&#8220;]Povodom obilje\u017eavanja &#8222;Pedest godina smu\u010danja na Palama&#8220; klub je napravio prvi poku\u0161aj da se na jednom mjestu odslika i sa\u010duva od zaborava bogata tradicija ovoga sporta na podru\u010dju dana\u0161nje dana\u0161nje paljanske op\u0161tine. Ova uvodna re\u010denica uzeta je iz knjige koju je klub izdao 1983. godine, a \u010diji je autor Milan \u017ddrale, sportski novinar lista &#8222;Oslobo\u0111enje&#8220;.<\/p>\n<p>Kako je pisac istakao, knjiga na slikovit na\u010din predstavlja Pale, kolijevku bosanskohercegova\u010dkog smu\u010darstva. Organizacijom prvih organizovanih smu\u010darskih kurseva <strong>1933. godine, smatra se godinom formiranja smu\u010darskog kluba \u201cRomanija\u201c<\/strong>. Klub je radio po sekcijama (smu\u010darsko tr\u010danje, alpsko skijanje, skokovi, a ne\u0161to kasnije (1934. god.) i patrolno tr\u010danje sa pu\u0161kama, prete\u010da dana\u0161njeg biatlona. Treba napomenuti da smo <strong>imali te iste godine i skakaonicu<\/strong>, a koju je projektovao norve\u0161ki stru\u010dnjak za skokove Jar Bjorn. Na prvom takmi\u010denju koje je odr\u017eano 11.02.1934. godine, skakao je i Jar Bjorn.<\/p>\n<p>I u novijoj istoriji klub je, sa manjim prekidima, nastavio sa aktivnim radom u svim sportskim smu\u010darskim diciplinama. Istina, samo u jednom kratkom periodu aktivna je bila komisija za skokove.[\/vc_column_text][vc_column_text css=&#8220;.vc_custom_1684856782654{margin-bottom: 25px !important;}&#8220;][\/vc_column_text][vc_column_text css=&#8220;.vc_custom_1684856832894{margin-bottom: 25px !important;}&#8220;][\/vc_column_text][\/vc_column][vc_column width=&#8220;1\/2&#8243; css=&#8220;.vc_custom_1564997312666{padding-top: 0px !important;}&#8220;][vc_single_image image=&#8220;2526&#8243; img_size=&#8220;large&#8220; onclick=&#8220;link_image&#8220; css_animation=&#8220;right-to-left&#8220;][\/vc_column][\/vc_row][vc_row full_width=&#8220;stretch_row&#8220; css=&#8220;.vc_custom_1683551421179{padding-top: 30px !important;padding-bottom: 30px !important;background-color: #ffffff !important;}&#8220;][vc_column css=&#8220;.vc_custom_1462531430496{padding-top: 0px !important;}&#8220;][vc_column_text css=&#8220;.vc_custom_1684856649106{margin-bottom: 25px !important;}&#8220;]Dobijanjem ZOI 1984. godine, usvojena je <strong>strategija razvoja zimskih sportova i sportova na ledu na nivou Grada Sarajeva i BiH<\/strong>. Poseban dio stratgije odnosio se na stru\u010dni trenerski kadar. Smu\u010darski savez BiH dobio je zeleno svjetlo za anga\u017eovanje trenera iz Rusije, Bjelorusije, \u010cehoslova\u010dke i Poljske.<\/p>\n<p>Veliki doprinos dao je prof. dr. Simon Krasicki. U vrijeme njegovog anga\u017eovanja po\u010deli su da se posti\u017euu zna\u010dajni sportski rezultati na nivou tada\u0161nje dr\u017eave \u2013 YU. Klub je imao dobar trenerski kadar koji je sa uspjehom pratio i nastavio stru\u010dni rad u klubu. Treba naglasiti da je klub imao veliku podr<span lang=\"sr-Latn-BA\">\u0161ku privrede, op\u0161tine i dru\u0161tveno politi\u010dkih organizacija i \u0161kola. Veliki doprinos razvoju, prije svega nordijskog skjanja dala je firma &#8222;ELAN&#8220; iz Slovenije, dodjelom 200 pari skija za smu\u010darsko tr\u010danje. Stvorena je \u0161iroka baza, imali smo dovoljno trenera, a staze su nam bile u centru Pala. <\/span><\/p>\n<p><span lang=\"sr-Latn-BA\">Alpinci su trenirali na Koranu i povremeno na Jahorini. Istovremeno smo radili na stazama na Dvori\u0161tima, izgradnji ski lifta na Stanici Pale. Dakle, stvarali smo uslove za sportske rezultate. Oni su brzo do\u0161li. <strong>Pale su dobile prve u\u010desnike ZOI<\/strong>: Ajdin Pa\u0161ovi\u0107 (ponikao u na\u0161em klubu) u alpskim disciplinama, a Tomislav Lopati\u0107 i Zoran \u0106osi\u0107 u biatlonu. Rezultatski uspon je napredovao i u smu\u010darskom tr\u010danju i biatlonu gdje smo imali prve prvake YU. Oni kvalitetniji takmi\u010dari obezbjedili su mjesto u \u201eA\u201c i \u201eB\u201c reprezentacijama biatlona i smu\u010darskog tr\u010danja, a \u0161to je bio zaista veliki uspjeh sobzirom da je to bio slovena\u010dki sport i da su do tada bili neprikosnoveni u tim disciplinama. Ubrzo smo preuzeli primat u biatlonu. To smo dokazali kroz ekipne plasmane u ovoj disciplini. <strong>Bili smo 15 puta ekipni prvaci YU<\/strong>. Smatramo velikim uspjehom kluba \u0161to je dao 12 u\u010desnika ZOI.<\/span><\/p>\n<p>Uspjehom kluba smatramo i to \u0161to smo tokom rata bili aktivni u mjeri koju je dozvoljavala situacija. Dugujemo veliku zahvalnost biatlon federacijama Bugarske, Rumunije, Gr\u010dke i Srbije \u0161to su nam u najte\u017eim okolnostima pomogli da ovaj sport odr\u017eimo, odnosno da ne prekidamo tradiciju. Bili smo inicijatori osnivanja Smu\u010darskog saveza Republike Srpske, a uz podr\u0161ku drugih klubova i institucija Vlade Republike Srpske.<\/p>\n<p>Raspadom YU formiran je novi smu\u010darski savez, sa novim tijelima saveza i novim \u010dlanovima komisija. Zna\u010dajne pozicije imali su \u010dlanovi na\u0161eg kluba Miomir Zuber i Goreta Miroslav. Zuber je bio predsjednik nordijske komisije, a Goreta direktor nordijske reprezentacije, odnosno tim lider. ZOI su se bli\u017eile. Vremena je bilo malo, a trebalo je odrediti, za nas bitno, nordijsku reprezentaciju. Kandidata je bilo dosta, tako da smo morali odr\u017eati nekoliko kvalifikacionih takmi\u010denja. Na kraju biatlon reprezentaciju sa-\u010dinjvali su: Tomislav Lopati\u0107, Zoran \u0106osi\u0107, Admir Jamak ( Romanija ) i Mladen Gruji\u0107 ( Sarajevo ). Za repre-zentaciju u smu\u010darsom tr\u010danju nastupili su Momo Skoki\u0107 ( Romanija ), Bekim Babi\u0107 ( Sarajevo ) i Milenkovi\u0107 Aleksandar ( Srbija ). Pozitivna sje\u010danja na ZOI \u201c Albertvil \u201c 1992. Godine je jedan \u00a0sportski rezultat. Bila je to \u00a0pobjeda biatlon \u0161tafete\u00a0 reprezentacije YU \u00a0nad Slovenijom i sastanak smu\u010darskih delegacija YU I Slovenije posve\u0107en sportskom razdru\u017eivanju. Naime, radilo se sportskoj imovini biv\u0161eg smu\u010darskog Jugoslavije. Uz prijateljski razgovor i ugodno dru\u017eenje ovo pitanje smo brzo rije\u0161ili, uz napomenu da su nam sportski \u010destitali na pobjedi, a koja je ostvarena gre\u0161kom u\u00a0 u gadjanju najboljeg slovena\u010dkog takmi\u010dara Jure Velepeca.<\/p>\n<p>Povratkom sa ZOI iz Francuske oti\u0161li smo na prvenstvo Balkana u biatlonu u Rumuniju, a potom se vratili u BiH. Na\u017ealost na granici smo saznali o po\u010detku ratnih sukoba, ali smo se bezbjedno vratli na Pale. Usledila je inicijativa od na\u0161eg kluba da se formira smu\u010darski savez Republike Srpske. Podr\u0161ka je do\u0161la i od drugih klubova koji su bili na Palama, ali I klubova koji su iz Sarajeva izbjegli na Pale. Podr\u0161ka je do\u0161la i od tada\u0161njeg Ministarstva nauke, vjera i sporta. Savez je sa\u010dinio Program rada, kalendar takmi\u010denja. izabrabrao komisije. Jedan od prvih zadataka bio je da se stupi u kontakt sa smu\u010darskim federacijama od kojih smo o\u010dekivali i dobili podr\u0161kku.<\/p>\n<p>Ono \u0161to je bitno je da smo u tim uslovima odr\u017eavali prvenstva Republike Srpske, ali smo i\u0161li i na takmi\u010denja u Bugarsku, Rumuniju, Srbiju I Gr\u010dku. Nastupali smo kao reprezentacija Republike Srpske. Na\u0161i takmi\u010dari-ke osvajali su medalje na tim me\u0111unarodnim takmi\u010denjima.<\/p>\n<p>U nekoliko navrata smo se obra\u010dali FIS-i i IBU-u za prijem u \u010dlanstvo, ali odgovor je bio da oni samo priznaju Smu\u010darski savez BiH.<\/p>\n<p>Potpisivanjem Dejtonskog sporazuma, sporo ali\u00a0 se polako rje\u0161avalo, pored ostalih, i pitanje sporta. Formiranjem krovnog saveza otvoren je put i na\u0161im takmi\u010darima I takmi\u010darkama da u\u010destvuju na takmi\u010denjima koja su bila u kalendaru IBU-a i FIS-e. U nordijskim disciplinama uglavnom su to bili takmi\u010dari \u201c Romanije \u201c, \u201c Isto\u010dnog Sarajeva \u201c I \u201c Glasinac \u2013 Karavan \u201c Sokolac. U tom period \u201c Romanija \u201c je imala najbrojniju i najkvalitetniju ekipu. Isina, bila je i jaka konkurencija i kvalitetni takmi\u010dari-ke u druga dva kluba. Bli\u017eile su se ZOI \u201c Torino \u2013 2006 \u201c. Reprezentacija BiH nastupila je u disciplinama smu\u010darsko tr\u010danje, biathlon i alpske discipline. Nastupili su nordijci: Vu\u010di\u010devi\u0107 Vedrana, Vasiljevi\u0107 Aleksanda, \u0106osi\u0107 Miro, (ROP) i Samar\u0111ija Bojan, \u201c Glasinac-Karavan \u201c. Nastupili su u disciplinama smu;arsko tr\u010danje I biathlon.<\/p>\n<p>Na ZOI odr\u017eanim u Vankuveru 2010. g. Sochiju 2014. g i Pjong\u010dangu 2018. God. nastpila je<\/p>\n<p>Tanja Kari\u0161ik-Ko\u0161arac, u disciplinama biatlon i smu\u010darsko tr\u010danje, a u Pekingu 2022.god. Sanja Kusmuk. U\u010destvuju\u0107i na tri olimpijade sa nekoliko zna\u010dajnih sportskih rezultata na IBU takmi\u010denjima i Svjetskom KUP-u Kari\u0161ik Tanja je najuspje\u0161niji takmi\u010dar\u00a0u istoriji kluba.\u00a0 \u00a0\u00a0Ako sumiramo uspjehe paljanskih smu\u010dara-ki, bilo da su \u010dlanovi kluba ili su smu\u010darsku karijeru<\/p>\n<p>zapo\u010deli u na\u0161em klubu, u\u010destvovali su na:<\/p>\n<ol>\n<li>ZOI \u2013 INSBRUK 1976. God.<\/li>\n<li>ZOI Sarajevo \u201884 &#8211; biatlon<\/li>\n<li>ZOI Nagano \u2018 88<\/li>\n<li>ZOI Albertvil \u2018 92 &#8211; biatlon<\/li>\n<li>ZOI Torino\u00a0\u00a0 2006 &#8211; biatlon<\/li>\n<li>ZOI Vankuver 2010 &#8211; biatlon<\/li>\n<li>ZOI Sochi 2014 -biatlon<\/li>\n<li>ZOI Pjong\u010dang 2018 &#8211; biatlon<\/li>\n<\/ol>\n<p>9. ZOI Peking\u00a0\u00a0\u00a0\u00a0\u00a0\u00a0\u00a0 2022[\/vc_column_text][\/vc_column][\/vc_row][vc_row full_width=&#8220;stretch_row&#8220; css=&#8220;.vc_custom_1463052524016{padding-top: 28px !important;padding-bottom: 59px !important;background-color: #151515 !important;}&#8220;][vc_column][vc_media_grid style=&#8220;load-more&#8220; items_per_page=&#8220;12&#8243; element_width=&#8220;2&#8243; btn_title=&#8220;U\u010ditaj vi\u0161e&#8220; btn_style=&#8220;modern&#8220; btn_color=&#8220;default&#8220; btn_size=&#8220;xs&#8220; grid_id=&#8220;vc_gid:1684856788661-667a2a8e-ad41-5&#8243; include=&#8220;2231,2233,2232,2280,2263,2327,2337,2344,2351,2355,2362,2295,2291,2506,2510,2284,2262&#8243; css=&#8220;.vc_custom_1683787004327{padding-top: 60px !important;}&#8220;][\/vc_column][\/vc_row][vc_row full_width=&#8220;stretch_row&#8220;][vc_column][vc_row_inner gap=&#8220;35&#8243;][vc_column_inner width=&#8220;1\/2&#8243; css=&#8220;.vc_custom_1683551393314{padding-top: 30px !important;padding-bottom: 30px !important;}&#8220;][vc_column_text css=&#8220;.vc_custom_1683787226744{margin-bottom: 22px !important;}&#8220;]<\/p>\n<h5>Struktura kluba<\/h5>\n<p>[\/vc_column_text][vc_column_text css=&#8220;.vc_custom_1683787170078{margin-bottom: 25px !important;}&#8220;]<\/p>\n<div dir=\"auto\">Skup\u0161tina kluba,<\/div>\n<div dir=\"auto\">Predsjedni\u0161tvo i Predsjednik kluba,<\/div>\n<div dir=\"auto\">Upravni odbor kluba,<\/div>\n<div dir=\"auto\">Nadzorni odbor kluba<\/div>\n<p>[\/vc_column_text][vc_column_text css=&#8220;.vc_custom_1683787231693{margin-bottom: 22px !important;}&#8220;]<\/p>\n<h5>Organi upravnog odbora preko kojih se izvr\u0161avaju sve aktivnosti kluba su:<\/h5>\n<div dir=\"auto\"><\/div>\n<p>[\/vc_column_text][vc_column_text css=&#8220;.vc_custom_1683787185520{margin-bottom: 25px !important;}&#8220;]<\/p>\n<div dir=\"auto\">Komisija za nordijske discipline &#8211; stru\u010dna komisija,<br \/>\nKomisija za organizaciju takmi\u0109enja,<br \/>\nKomisija za marketing,<br \/>\nKomisija za informisanje,<br \/>\nDisciplinska komisija,<br \/>\nSudijska komisija,<br \/>\nUoravni odbor mo\u017ee organizovati i druge komisije, ukoliko se uka\u017ee prilika<\/div>\n<p>[\/vc_column_text][\/vc_column_inner][vc_column_inner width=&#8220;1\/2&#8243; css=&#8220;.vc_custom_1683551402508{padding-top: 30px !important;padding-bottom: 30px !important;}&#8220;][vc_column_text css=&#8220;.vc_custom_1683551271650{margin-bottom: 22px !important;}&#8220;]<\/p>\n<h5><span style=\"color: #ffffff;\">Ciljevi i zadaci kluba<\/span><\/h5>\n<p>[\/vc_column_text][stm_icon_list]<\/p>\n<ul>\n<li>\n<div dir=\"auto\">Da okuplja \u0161to ve\u0107i broj \u010dlanova u cilju bavljenja smu\u010darskim sportovima na dobrovoljnoj i amaterskoj osnovi,<\/div>\n<\/li>\n<li>\n<div dir=\"auto\">Da organizuje i u\u010destvuje u svim vrstama sportskih takmi\u010denja od rekreativnih do vrhunskih, da propagira, poma\u017ee, pokre\u0107e i sprovodi sistematsko fizi\u010dko vaspitanje, putem organizovanih vje\u017ebi i treninga kao i takmi\u010denja, podi\u017ee fizi\u010dku i radnu sposobnost svojim \u010dlanovima za ostvarivanje vrhunskih rezultata,<\/div>\n<\/li>\n<li>\n<div dir=\"auto\">Da prati i podsti\u010de rad aktivnog \u010dlanstva vrhunskih takmi\u010dara i trenera na kvalitetnom i stru\u010dnom uzdizanju radi stvaranja visokih sportskih dostignu\u0107a,<\/div>\n<\/li>\n<li>\n<div dir=\"auto\">Da obezbje\u0111uje sredstva za rad i stvara materijalnu bazu i imovinu kluba,<\/div>\n<\/li>\n<li>\n<div dir=\"auto\">Da organizuje izdavanje publikacija, bro\u0161ura, biltena i drugog izdava\u010dkog materijala radi promovisanja rada i djelatnosti kluba,<\/div>\n<\/li>\n<li>\n<div dir=\"auto\">Da organizuje seminare, konferencije, ddu\u017eenja i predavanja sportskih radnika, te vr\u0161i marketin\u0161ke aktivnosti u svrhu promocije turizma, sporta, popularizacije nordijskih smu\u010darskih disciplina<\/div>\n<\/li>\n<li>\n<div dir=\"auto\">Da provodi aktivnosti na ja\u010danju sportskog morala, sportskog duha i za\u0161tite zdravlja sportista,<\/div>\n<\/li>\n<li>\n<div dir=\"auto\">Da organizuje sportske priredbe, takmi\u010denja i manifestacije vode\u0107i ra\u010duna da one budu odraz kvaliteta u cilju propagande i afirmacije svog \u010dlanstva i kluba<\/div>\n<\/li>\n<\/ul>\n<p>[\/stm_icon_list][\/vc_column_inner][\/vc_row_inner][\/vc_column][\/vc_row]<\/p>\n<\/div>","protected":false},"excerpt":{"rendered":"<p>[vc_row full_width=&#8220;stretch_row&#8220; css=&#8220;.vc_custom_1564728688256{background-color: #ffffff !important;}&#8220;][vc_column width=&#8220;1\/2&#8243; css=&#8220;.vc_custom_1462531430496{padding-top: 0px !important;}&#8220;][vc_column_text css=&#8220;.vc_custom_1684856344551{margin-bottom: 25px !important;}&#8220;]Povodom obilje\u017eavanja &#8222;Pedest godina smu\u010danja na Palama&#8220; klub je napravio prvi poku\u0161aj da se na jednom mjestu odslika i&#8230;<\/p>\n","protected":false},"author":1,"featured_media":0,"parent":0,"menu_order":0,"comment_status":"closed","ping_status":"closed","template":"","meta":{"footnotes":""},"class_list":["post-612","page","type-page","status-publish","hentry"],"yoast_head":"<!-- This site is optimized with the Yoast SEO plugin v27.5 - https:\/\/yoast.com\/product\/yoast-seo-wordpress\/ -->\n<title>Nordijski smu\u010darski klub - Romanija - Nordijski smu\u010darski klub Romanija Pale<\/title>\n<meta name=\"robots\" content=\"index, follow, max-snippet:-1, max-image-preview:large, max-video-preview:-1\" \/>\n<link rel=\"canonical\" href=\"https:\/\/skromanija.com\/sr\/nordijski-smucarski-klub-romanija\/\" \/>\n<meta property=\"og:locale\" content=\"sr_RS\" \/>\n<meta property=\"og:type\" content=\"article\" \/>\n<meta property=\"og:title\" content=\"Nordijski smu\u010darski klub - Romanija - Nordijski smu\u010darski klub Romanija Pale\" \/>\n<meta property=\"og:description\" content=\"[vc_row full_width=&#8220;stretch_row&#8220; css=&#8220;.vc_custom_1564728688256{background-color: #ffffff !important;}&#8220;][vc_column width=&#8220;1\/2&#8243; css=&#8220;.vc_custom_1462531430496{padding-top: 0px !important;}&#8220;][vc_column_text css=&#8220;.vc_custom_1684856344551{margin-bottom: 25px !important;}&#8220;]Povodom obilje\u017eavanja &#8222;Pedest godina smu\u010danja na Palama&#8220; klub je napravio prvi poku\u0161aj da se na jednom mjestu odslika i...\" \/>\n<meta property=\"og:url\" content=\"https:\/\/skromanija.com\/sr\/nordijski-smucarski-klub-romanija\/\" \/>\n<meta property=\"og:site_name\" content=\"Nordijski smu\u010darski klub Romanija Pale\" \/>\n<meta property=\"article:modified_time\" content=\"2024-01-12T12:21:28+00:00\" \/>\n<meta name=\"twitter:card\" content=\"summary_large_image\" \/>\n<meta name=\"twitter:label1\" content=\"\u041f\u0440\u043e\u0446\u0435\u045a\u0435\u043d\u043e \u0432\u0440\u0435\u043c\u0435 \u0447\u0438\u0442\u0430\u045a\u0430\" \/>\n\t<meta name=\"twitter:data1\" content=\"9 \u043c\u0438\u043d\u0443\u0442\u0430\" \/>\n<script type=\"application\/ld+json\" class=\"yoast-schema-graph\">{\"@context\":\"https:\\\/\\\/schema.org\",\"@graph\":[{\"@type\":\"WebPage\",\"@id\":\"https:\\\/\\\/skromanija.com\\\/sr\\\/nordijski-smucarski-klub-romanija\\\/\",\"url\":\"https:\\\/\\\/skromanija.com\\\/sr\\\/nordijski-smucarski-klub-romanija\\\/\",\"name\":\"Nordijski smu\u010darski klub - Romanija - Nordijski smu\u010darski klub Romanija Pale\",\"isPartOf\":{\"@id\":\"https:\\\/\\\/skromanija.com\\\/sr\\\/#website\"},\"datePublished\":\"2016-05-05T10:36:13+00:00\",\"dateModified\":\"2024-01-12T12:21:28+00:00\",\"breadcrumb\":{\"@id\":\"https:\\\/\\\/skromanija.com\\\/sr\\\/nordijski-smucarski-klub-romanija\\\/#breadcrumb\"},\"inLanguage\":\"sr-RS\",\"potentialAction\":[{\"@type\":\"ReadAction\",\"target\":[[\"https:\\\/\\\/skromanija.com\\\/sr\\\/nordijski-smucarski-klub-romanija\\\/\"]]}]},{\"@type\":\"BreadcrumbList\",\"@id\":\"https:\\\/\\\/skromanija.com\\\/sr\\\/nordijski-smucarski-klub-romanija\\\/#breadcrumb\",\"itemListElement\":[{\"@type\":\"ListItem\",\"position\":1,\"name\":\"Home\",\"item\":\"https:\\\/\\\/skromanija.com\\\/sr\\\/\"},{\"@type\":\"ListItem\",\"position\":2,\"name\":\"Nordijski smu\u010darski klub &#8211; Romanija\"}]},{\"@type\":\"WebSite\",\"@id\":\"https:\\\/\\\/skromanija.com\\\/sr\\\/#website\",\"url\":\"https:\\\/\\\/skromanija.com\\\/sr\\\/\",\"name\":\"Nordijski smu\u010darski klub Romanija Pale\",\"description\":\"Nordic ski team\",\"publisher\":{\"@id\":\"https:\\\/\\\/skromanija.com\\\/sr\\\/#organization\"},\"potentialAction\":[{\"@type\":\"SearchAction\",\"target\":{\"@type\":\"EntryPoint\",\"urlTemplate\":\"https:\\\/\\\/skromanija.com\\\/sr\\\/?s={search_term_string}\"},\"query-input\":{\"@type\":\"PropertyValueSpecification\",\"valueRequired\":true,\"valueName\":\"search_term_string\"}}],\"inLanguage\":\"sr-RS\"},{\"@type\":\"Organization\",\"@id\":\"https:\\\/\\\/skromanija.com\\\/sr\\\/#organization\",\"name\":\"Nordijski smu\u010darski klub Romanija Pale\",\"url\":\"https:\\\/\\\/skromanija.com\\\/sr\\\/\",\"logo\":{\"@type\":\"ImageObject\",\"inLanguage\":\"sr-RS\",\"@id\":\"https:\\\/\\\/skromanija.com\\\/sr\\\/#\\\/schema\\\/logo\\\/image\\\/\",\"url\":\"https:\\\/\\\/skromanija.com\\\/wp-content\\\/uploads\\\/2023\\\/05\\\/sklogo.png\",\"contentUrl\":\"https:\\\/\\\/skromanija.com\\\/wp-content\\\/uploads\\\/2023\\\/05\\\/sklogo.png\",\"width\":558,\"height\":508,\"caption\":\"Nordijski smu\u010darski klub Romanija Pale\"},\"image\":{\"@id\":\"https:\\\/\\\/skromanija.com\\\/sr\\\/#\\\/schema\\\/logo\\\/image\\\/\"}}]}<\/script>\n<!-- \/ Yoast SEO plugin. -->","yoast_head_json":{"title":"Nordijski smu\u010darski klub - Romanija - Nordijski smu\u010darski klub Romanija Pale","robots":{"index":"index","follow":"follow","max-snippet":"max-snippet:-1","max-image-preview":"max-image-preview:large","max-video-preview":"max-video-preview:-1"},"canonical":"https:\/\/skromanija.com\/sr\/nordijski-smucarski-klub-romanija\/","og_locale":"sr_RS","og_type":"article","og_title":"Nordijski smu\u010darski klub - Romanija - Nordijski smu\u010darski klub Romanija Pale","og_description":"[vc_row full_width=&#8220;stretch_row&#8220; css=&#8220;.vc_custom_1564728688256{background-color: #ffffff !important;}&#8220;][vc_column width=&#8220;1\/2&#8243; css=&#8220;.vc_custom_1462531430496{padding-top: 0px !important;}&#8220;][vc_column_text css=&#8220;.vc_custom_1684856344551{margin-bottom: 25px !important;}&#8220;]Povodom obilje\u017eavanja &#8222;Pedest godina smu\u010danja na Palama&#8220; klub je napravio prvi poku\u0161aj da se na jednom mjestu odslika i...","og_url":"https:\/\/skromanija.com\/sr\/nordijski-smucarski-klub-romanija\/","og_site_name":"Nordijski smu\u010darski klub Romanija Pale","article_modified_time":"2024-01-12T12:21:28+00:00","twitter_card":"summary_large_image","twitter_misc":{"\u041f\u0440\u043e\u0446\u0435\u045a\u0435\u043d\u043e \u0432\u0440\u0435\u043c\u0435 \u0447\u0438\u0442\u0430\u045a\u0430":"9 \u043c\u0438\u043d\u0443\u0442\u0430"},"schema":{"@context":"https:\/\/schema.org","@graph":[{"@type":"WebPage","@id":"https:\/\/skromanija.com\/sr\/nordijski-smucarski-klub-romanija\/","url":"https:\/\/skromanija.com\/sr\/nordijski-smucarski-klub-romanija\/","name":"Nordijski smu\u010darski klub - Romanija - Nordijski smu\u010darski klub Romanija Pale","isPartOf":{"@id":"https:\/\/skromanija.com\/sr\/#website"},"datePublished":"2016-05-05T10:36:13+00:00","dateModified":"2024-01-12T12:21:28+00:00","breadcrumb":{"@id":"https:\/\/skromanija.com\/sr\/nordijski-smucarski-klub-romanija\/#breadcrumb"},"inLanguage":"sr-RS","potentialAction":[{"@type":"ReadAction","target":[["https:\/\/skromanija.com\/sr\/nordijski-smucarski-klub-romanija\/"]]}]},{"@type":"BreadcrumbList","@id":"https:\/\/skromanija.com\/sr\/nordijski-smucarski-klub-romanija\/#breadcrumb","itemListElement":[{"@type":"ListItem","position":1,"name":"Home","item":"https:\/\/skromanija.com\/sr\/"},{"@type":"ListItem","position":2,"name":"Nordijski smu\u010darski klub &#8211; Romanija"}]},{"@type":"WebSite","@id":"https:\/\/skromanija.com\/sr\/#website","url":"https:\/\/skromanija.com\/sr\/","name":"Nordijski smu\u010darski klub Romanija Pale","description":"Nordic ski team","publisher":{"@id":"https:\/\/skromanija.com\/sr\/#organization"},"potentialAction":[{"@type":"SearchAction","target":{"@type":"EntryPoint","urlTemplate":"https:\/\/skromanija.com\/sr\/?s={search_term_string}"},"query-input":{"@type":"PropertyValueSpecification","valueRequired":true,"valueName":"search_term_string"}}],"inLanguage":"sr-RS"},{"@type":"Organization","@id":"https:\/\/skromanija.com\/sr\/#organization","name":"Nordijski smu\u010darski klub Romanija Pale","url":"https:\/\/skromanija.com\/sr\/","logo":{"@type":"ImageObject","inLanguage":"sr-RS","@id":"https:\/\/skromanija.com\/sr\/#\/schema\/logo\/image\/","url":"https:\/\/skromanija.com\/wp-content\/uploads\/2023\/05\/sklogo.png","contentUrl":"https:\/\/skromanija.com\/wp-content\/uploads\/2023\/05\/sklogo.png","width":558,"height":508,"caption":"Nordijski smu\u010darski klub Romanija Pale"},"image":{"@id":"https:\/\/skromanija.com\/sr\/#\/schema\/logo\/image\/"}}]}},"_links":{"self":[{"href":"https:\/\/skromanija.com\/sr\/wp-json\/wp\/v2\/pages\/612","targetHints":{"allow":["GET"]}}],"collection":[{"href":"https:\/\/skromanija.com\/sr\/wp-json\/wp\/v2\/pages"}],"about":[{"href":"https:\/\/skromanija.com\/sr\/wp-json\/wp\/v2\/types\/page"}],"author":[{"embeddable":true,"href":"https:\/\/skromanija.com\/sr\/wp-json\/wp\/v2\/users\/1"}],"replies":[{"embeddable":true,"href":"https:\/\/skromanija.com\/sr\/wp-json\/wp\/v2\/comments?post=612"}],"version-history":[{"count":46,"href":"https:\/\/skromanija.com\/sr\/wp-json\/wp\/v2\/pages\/612\/revisions"}],"predecessor-version":[{"id":3312,"href":"https:\/\/skromanija.com\/sr\/wp-json\/wp\/v2\/pages\/612\/revisions\/3312"}],"wp:attachment":[{"href":"https:\/\/skromanija.com\/sr\/wp-json\/wp\/v2\/media?parent=612"}],"curies":[{"name":"wp","href":"https:\/\/api.w.org\/{rel}","templated":true}]}}